{"id":3482,"date":"2024-07-23T15:25:36","date_gmt":"2024-07-23T13:25:36","guid":{"rendered":"https:\/\/dev.alcomnet.com\/piger\/lang\/?page_id=3482"},"modified":"2024-11-05T09:32:33","modified_gmt":"2024-11-05T08:32:33","slug":"tef-france-canada","status":"publish","type":"page","link":"https:\/\/pigier-algerie.com\/lang\/tef-france-canada\/","title":{"rendered":"TEF France \/ Canada"},"content":{"rendered":"\t\t<div data-elementor-type=\"wp-page\" data-elementor-id=\"3482\" class=\"elementor elementor-3482\">\n\t\t\t\t<div class=\"elementor-element elementor-element-2466443 e-flex e-con-boxed e-con e-parent\" data-id=\"2466443\" data-element_type=\"container\" data-e-type=\"container\" data-settings=\"{&quot;background_background&quot;:&quot;classic&quot;}\">\n\t\t\t\t\t<div class=\"e-con-inner\">\n\t\t\t\t<div class=\"elementor-element elementor-element-4b0c21e elementor-widget elementor-widget-page-title\" data-id=\"4b0c21e\" data-element_type=\"widget\" data-e-type=\"widget\" data-settings=\"{&quot;align&quot;:&quot;left&quot;,&quot;align_mobile&quot;:&quot;center&quot;}\" data-widget_type=\"page-title.default\">\n\t\t\t\t<div class=\"elementor-widget-container\">\n\t\t\t\t\t\t\t\n\t\t<div class=\"hfe-page-title hfe-page-title-wrapper elementor-widget-heading\">\n\n\t\t\t\t\t\t\t\t\t\t\t<a href=\"https:\/\/pigier-algerie.com\/lang\">\n\t\t\t\t\t\t<h1 class=\"elementor-heading-title elementor-size-default\">\n\t\t\t\t\t\t\t\t\n\t\t\t\tTEF France \/ Canada  \n\t\t\t<\/h1 > \n\t\t\t\t\t\t\t\t\t<\/a>\n\t\t\t\t\t<\/div>\n\t\t\t\t\t\t<\/div>\n\t\t\t\t<\/div>\n\t\t\t\t<div class=\"elementor-element elementor-element-6b650a0 elementor-widget elementor-widget-shortcode\" data-id=\"6b650a0\" data-element_type=\"widget\" data-e-type=\"widget\" id=\"chemain\" data-widget_type=\"shortcode.default\">\n\t\t\t\t<div class=\"elementor-widget-container\">\n\t\t\t\t\t\t\t<div class=\"elementor-shortcode\"><nav aria-label=\"breadcrumbs\">\n            <div class=\"breadcrumb-container theme1\">\n                <ol>\n                                    <\/ol>\n            <\/div>\n        <\/nav>    <script type=\"application\/ld+json\">\n        {\n            \"@context\": \"http:\/\/schema.org\",\n            \"@type\": \"BreadcrumbList\",\n            \"itemListElement\": [\n                            ]\n        }\n    <\/script>\n   \n    <script>\n            <\/script>\n<\/div>\n\t\t\t\t\t\t<\/div>\n\t\t\t\t<\/div>\n\t\t\t\t\t<\/div>\n\t\t\t\t<\/div>\n\t\t<div class=\"elementor-element elementor-element-3910dff e-flex e-con-boxed e-con e-parent\" data-id=\"3910dff\" data-element_type=\"container\" data-e-type=\"container\">\n\t\t\t\t\t<div class=\"e-con-inner\">\n\t\t<div class=\"elementor-element elementor-element-8af590d e-con-full e-flex e-con e-child\" data-id=\"8af590d\" data-element_type=\"container\" data-e-type=\"container\" id=\"info-contact\">\n\t\t\t\t<div class=\"elementor-element elementor-element-7056372 elementor-widget elementor-widget-image\" data-id=\"7056372\" data-element_type=\"widget\" data-e-type=\"widget\" data-widget_type=\"image.default\">\n\t\t\t\t<div class=\"elementor-widget-container\">\n\t\t\t\t\t\t\t\t\t\t\t\t\t\t\t<img fetchpriority=\"high\" decoding=\"async\" width=\"640\" height=\"257\" src=\"https:\/\/pigier-algerie.com\/lang\/wp-content\/uploads\/2024\/08\/Tef.jpg\" class=\"attachment-large size-large wp-image-4080\" alt=\"\" srcset=\"https:\/\/pigier-algerie.com\/lang\/wp-content\/uploads\/2024\/08\/Tef.jpg 870w, https:\/\/pigier-algerie.com\/lang\/wp-content\/uploads\/2024\/08\/Tef-300x121.jpg 300w, https:\/\/pigier-algerie.com\/lang\/wp-content\/uploads\/2024\/08\/Tef-768x309.jpg 768w\" sizes=\"(max-width: 640px) 100vw, 640px\" \/>\t\t\t\t\t\t\t\t\t\t\t\t\t\t\t<\/div>\n\t\t\t\t<\/div>\n\t\t\t\t<\/div>\n\t\t<div class=\"elementor-element elementor-element-74521b8 e-con-full e-flex e-con e-child\" data-id=\"74521b8\" data-element_type=\"container\" data-e-type=\"container\">\n\t\t\t\t<div class=\"elementor-element elementor-element-dfc89d8 elementor-widget elementor-widget-eael-adv-accordion\" data-id=\"dfc89d8\" data-element_type=\"widget\" data-e-type=\"widget\" id=\"tef-info\" data-widget_type=\"eael-adv-accordion.default\">\n\t\t\t\t<div class=\"elementor-widget-container\">\n\t\t\t\t\t            <div class=\"eael-adv-accordion\" id=\"eael-adv-accordion-dfc89d8\" data-scroll-on-click=\"\" data-scroll-speed=\"300\" data-accordion-id=\"dfc89d8\" data-accordion-type=\"accordion\" data-toogle-speed=\"300\">\n            <div class=\"eael-accordion-list\">\n\t\t\t\t\t<div id=\"tef-canada\" class=\"elementor-tab-title eael-accordion-header active-default\" tabindex=\"0\" data-tab=\"1\" aria-controls=\"elementor-tab-content-2341\"><span class=\"eael-advanced-accordion-icon-closed\"><\/span><span class=\"eael-advanced-accordion-icon-opened\"><\/span><span class=\"eael-accordion-tab-title\">TEF CANADA<\/span><svg aria-hidden=\"true\" class=\"fa-toggle e-font-icon-svg e-fas-angle-right\" viewBox=\"0 0 256 512\" xmlns=\"http:\/\/www.w3.org\/2000\/svg\"><path d=\"M224.3 273l-136 136c-9.4 9.4-24.6 9.4-33.9 0l-22.6-22.6c-9.4-9.4-9.4-24.6 0-33.9l96.4-96.4-96.4-96.4c-9.4-9.4-9.4-24.6 0-33.9L54.3 103c9.4-9.4 24.6-9.4 33.9 0l136 136c9.5 9.4 9.5 24.6.1 34z\"><\/path><\/svg><\/div><div id=\"elementor-tab-content-2341\" class=\"eael-accordion-content clearfix active-default\" data-tab=\"1\" aria-labelledby=\"tef-canada\"><p><strong>Attestez de votre niveau de fran\u00e7ais dans le cadre d\u2019une d\u00e9marche acad\u00e9mique ou professionnel au Canada.<\/strong><\/p><p><strong>Quelles sont les \u00e9preuves du TEF Canada ?<\/strong><\/p><ul><li><strong>Compr\u00e9hension orale :\u00a0<\/strong>40 min \u2013 40 questions<\/li><li><strong>Compr\u00e9hension \u00e9crite :<\/strong>\u00a060 min \u2013 40 questions<\/li><li><strong>Expression orale :<\/strong>\u00a015 min \u2013 2 sujets \u00e0 traiter<\/li><li><strong>Expression \u00e9crite :<\/strong>\u00a060 min \u2013 2 sujets \u00e0 traiter<\/li><\/ul><p><strong>Tarifs :<\/strong><br \/><strong>Tarif :<\/strong> 38.000 DZD<\/p><p><strong>TPE: possibilit\u00e9 de paiement par carte.\u00a0<\/strong><\/p><p><strong>NB\u00a0: Un compl\u00e9ment de <\/strong><strong>2000 DZD\u00a0de frais de dossier <\/strong><strong>en cas de payement par CCP.<\/strong><\/p><\/div>\n\t\t\t\t\t<\/div><div class=\"eael-accordion-list\">\n\t\t\t\t\t<div id=\"tef-conjoint-qubec\" class=\"elementor-tab-title eael-accordion-header\" tabindex=\"0\" data-tab=\"2\" aria-controls=\"elementor-tab-content-2342\"><span class=\"eael-advanced-accordion-icon-closed\"><\/span><span class=\"eael-advanced-accordion-icon-opened\"><\/span><span class=\"eael-accordion-tab-title\">TEF Conjoint Qu\u00e9bec<\/span><svg aria-hidden=\"true\" class=\"fa-toggle e-font-icon-svg e-fas-angle-right\" viewBox=\"0 0 256 512\" xmlns=\"http:\/\/www.w3.org\/2000\/svg\"><path d=\"M224.3 273l-136 136c-9.4 9.4-24.6 9.4-33.9 0l-22.6-22.6c-9.4-9.4-9.4-24.6 0-33.9l96.4-96.4-96.4-96.4c-9.4-9.4-9.4-24.6 0-33.9L54.3 103c9.4-9.4 24.6-9.4 33.9 0l136 136c9.5 9.4 9.5 24.6.1 34z\"><\/path><\/svg><\/div><div id=\"elementor-tab-content-2342\" class=\"eael-accordion-content clearfix\" data-tab=\"2\" aria-labelledby=\"tef-conjoint-qubec\"><p><strong>Attestez de votre niveau de fran\u00e7ais dans le cadre d\u2019une d\u00e9marche professionnel <\/strong><strong>pour le conjoint <\/strong><strong>au Qu\u00e9bec.<\/strong><\/p><p><strong>Quelles sont les \u00e9preuves du TEF <\/strong><strong>conjoint<\/strong><strong> ?<\/strong><\/p><ul><li><strong>Compr\u00e9hension orale :\u00a0<\/strong>40 min \u2013 40 questions<\/li><li><strong>Expression orale :<\/strong>\u00a015 min \u2013 2 sujets \u00e0 traiter<\/li><\/ul><p><strong>Tarifs :<\/strong><br \/><strong>Tarif :<\/strong> 34.000 DZD<\/p><p><strong>TPE: possibilit\u00e9 de paiement par carte.\u00a0<\/strong><\/p><p><br \/><strong>NB\u00a0: Un compl\u00e9ment de <\/strong><strong>2000 DZD\u00a0de frais de dossier <\/strong><strong>en cas de payement par CCP.<\/strong><\/p><\/div>\n\t\t\t\t\t<\/div><div class=\"eael-accordion-list\">\n\t\t\t\t\t<div id=\"tef-pour-la-mobilit-tudiante\" class=\"elementor-tab-title eael-accordion-header\" tabindex=\"0\" data-tab=\"3\" aria-controls=\"elementor-tab-content-2343\"><span class=\"eael-advanced-accordion-icon-closed\"><\/span><span class=\"eael-advanced-accordion-icon-opened\"><\/span><span class=\"eael-accordion-tab-title\">TEF pour la mobilit\u00e9 \u00e9tudiante<\/span><svg aria-hidden=\"true\" class=\"fa-toggle e-font-icon-svg e-fas-angle-right\" viewBox=\"0 0 256 512\" xmlns=\"http:\/\/www.w3.org\/2000\/svg\"><path d=\"M224.3 273l-136 136c-9.4 9.4-24.6 9.4-33.9 0l-22.6-22.6c-9.4-9.4-9.4-24.6 0-33.9l96.4-96.4-96.4-96.4c-9.4-9.4-9.4-24.6 0-33.9L54.3 103c9.4-9.4 24.6-9.4 33.9 0l136 136c9.5 9.4 9.5 24.6.1 34z\"><\/path><\/svg><\/div><div id=\"elementor-tab-content-2343\" class=\"eael-accordion-content clearfix\" data-tab=\"3\" aria-labelledby=\"tef-pour-la-mobilit-tudiante\"><p><strong>Attestez de votre niveau de fran\u00e7ais dans le cadre d\u2019une d\u00e9marche acad\u00e9mique.<\/strong><\/p><p><strong>Le TEF pour la mobilit\u00e9 \u00e9tudiante est valable pour\u00a0:<\/strong><\/p><ol><li><strong>Une demande d\u2019inscription <\/strong><strong>\u00e0 une <\/strong><strong>universit<\/strong><strong>\u00e9<\/strong><strong> en France <\/strong><\/li><li><strong>U<\/strong><strong>ne demande d\u2019inscription \u00e0 un cycle Master en France<\/strong><\/li><li><strong>U<\/strong><strong>ne inscription dans une universit\u00e9 ou une \u00e9cole au Canada<\/strong><\/li><\/ol><p><strong>Quelles sont les <\/strong><strong>\u00e9preuves du TEF<\/strong><strong> pour mobilit\u00e9 \u00e9tudiante<\/strong><strong> ?<\/strong><\/p><ul><li><strong>Compr\u00e9hension orale (CO) : <\/strong>40 min \u2013 40 questions<\/li><li><strong>Compr\u00e9hension \u00e9crite (CE) :<\/strong>\u00a060 min \u2013 40 questions<\/li><li><strong>Lexique et structure (LS):<\/strong> 30 min \u2013 40 questions<\/li><li><strong>Expression \u00e9crite (EE) :<\/strong>\u00a060 min \u2013 2 sujets \u00e0 traiter<\/li><li><strong>Expression orale (EO) :<\/strong>\u00a015 min \u2013 2 sujets \u00e0 traiter<\/li><\/ul><p><strong>Tarifs :\u00a0<\/strong><br \/><strong>TEF 3 EPREUVES (\u00e9quivalent TCF\/SO) :\u00a0(CO, CE, LS)\u00a0<\/strong><br \/><strong>Tarif :<\/strong> <strong>23<\/strong>.000 DZD<\/p><p><strong>TEF 4 EPREUVES\u00a0(\u00e9quivalent TCF\/DAP) :\u00a0(CO, CE, LS, EE)<\/strong><br \/><strong>Tarif :<\/strong> <strong>33<\/strong>.000 DZD<\/p><p><strong>TEF G\u00e9n\u00e9ral <\/strong><strong>(\u00e9quivalent TC<\/strong><strong>F<\/strong><strong>)<\/strong><strong> :<\/strong><strong>\u00a0<\/strong><strong>(<\/strong><strong>CO, CE, LS<\/strong><strong>, EE<\/strong><strong>, EO<\/strong><strong>)<\/strong><br \/><strong>Tarif : 49<\/strong> .000 DZD<\/p><p><strong>TPE: possibilit\u00e9 de paiement par carte.\u00a0<\/strong><\/p><p><strong>NB\u00a0: Un compl\u00e9ment de <\/strong><strong>2000 DZD\u00a0de frais de dossier <\/strong><strong>en cas de payement par CCP.<\/strong><\/p><\/div>\n\t\t\t\t\t<\/div><div class=\"eael-accordion-list\">\n\t\t\t\t\t<div id=\"tef-irn-intgration-rsidence-nationalit\" class=\"elementor-tab-title eael-accordion-header\" tabindex=\"0\" data-tab=\"4\" aria-controls=\"elementor-tab-content-2344\"><span class=\"eael-advanced-accordion-icon-closed\"><\/span><span class=\"eael-advanced-accordion-icon-opened\"><\/span><span class=\"eael-accordion-tab-title\">TEF IRN\u00a0: Int\u00e9gration \u2013 R\u00e9sidence \u2013 Nationalit\u00e9<\/span><svg aria-hidden=\"true\" class=\"fa-toggle e-font-icon-svg e-fas-angle-right\" viewBox=\"0 0 256 512\" xmlns=\"http:\/\/www.w3.org\/2000\/svg\"><path d=\"M224.3 273l-136 136c-9.4 9.4-24.6 9.4-33.9 0l-22.6-22.6c-9.4-9.4-9.4-24.6 0-33.9l96.4-96.4-96.4-96.4c-9.4-9.4-9.4-24.6 0-33.9L54.3 103c9.4-9.4 24.6-9.4 33.9 0l136 136c9.5 9.4 9.5 24.6.1 34z\"><\/path><\/svg><\/div><div id=\"elementor-tab-content-2344\" class=\"eael-accordion-content clearfix\" data-tab=\"4\" aria-labelledby=\"tef-irn-intgration-rsidence-nationalit\"><p><strong>Attestez de votre niveau de fran\u00e7ais dans le cadre<\/strong><strong>\u00a0<\/strong><strong>du parcours citoyen OFII<\/strong><strong>, de la <\/strong><strong>carte de r\u00e9sident de longue dur\u00e9e\u00a0<\/strong><strong>ou d\u2019<\/strong><strong>une demande de <\/strong><strong>la <\/strong><strong>nationalit\u00e9 fran\u00e7aise<\/strong><strong>.<\/strong><\/p><p><strong>Le TEF IRN est destin\u00e9 \u00e0 toute personne souhaitant\u00a0:<\/strong><\/p><ul><li>Certifier son niveau de fran\u00e7ais<strong>\u00a0dans le cadre du parcours citoyen OFII<\/strong>\u00a0<strong>(niveau A1)<\/strong>\u00a0;<\/li><li>Certifier son niveau de fran\u00e7ais\u00a0<strong>pour une<\/strong>\u00a0<strong>demande de carte de r\u00e9sident de longue dur\u00e9e<\/strong>\u00a0<strong>(niveau A2)<\/strong>\u00a0;<\/li><li>Certifier son niveau de fran\u00e7ais\u00a0<strong>pour une demande de nationalit\u00e9 fran\u00e7aise (niveau B1)<\/strong>.<\/li><\/ul><p><strong>Quelles sont les \u00e9preuves du TEF <\/strong><strong>IRN<\/strong><strong> ?<\/strong><\/p><ul><li><strong>Compr\u00e9hension <\/strong><strong>\u00e9crite<\/strong><strong> :\u00a0<\/strong>30 min \u2013 13 questions<\/li><li><strong>Compr\u00e9hension <\/strong><strong>orale<\/strong><strong> :<\/strong>\u00a010 min \u2013 17 questions<\/li><li><strong>Expression orale :<\/strong>\u00a010 min \u2013 2 sujets \u00e0 traiter<\/li><li><strong>Expression \u00e9crite :<\/strong>\u00a030 min \u2013 2 sujets \u00e0 traiter<\/li><\/ul><p><strong>Tarifs :<\/strong><br \/><strong>Tarif :<\/strong> 45.000 DZD<\/p><p><strong>TPE: possibilit\u00e9 de paiement par carte.\u00a0<\/strong><\/p><p><br \/><strong>NB\u00a0: Un compl\u00e9ment de <\/strong><strong>2000 DZD\u00a0de frais de dossier <\/strong><strong>en cas de payement par CCP.<\/strong><\/p><\/div>\n\t\t\t\t\t<\/div><div class=\"eael-accordion-list\">\n\t\t\t\t\t<div id=\"tef-preuve-complmentaire\" class=\"elementor-tab-title eael-accordion-header\" tabindex=\"0\" data-tab=\"5\" aria-controls=\"elementor-tab-content-2345\"><span class=\"eael-advanced-accordion-icon-closed\"><\/span><span class=\"eael-advanced-accordion-icon-opened\"><\/span><span class=\"eael-accordion-tab-title\">TEF \u00e9preuve compl\u00e9mentaire<\/span><svg aria-hidden=\"true\" class=\"fa-toggle e-font-icon-svg e-fas-angle-right\" viewBox=\"0 0 256 512\" xmlns=\"http:\/\/www.w3.org\/2000\/svg\"><path d=\"M224.3 273l-136 136c-9.4 9.4-24.6 9.4-33.9 0l-22.6-22.6c-9.4-9.4-9.4-24.6 0-33.9l96.4-96.4-96.4-96.4c-9.4-9.4-9.4-24.6 0-33.9L54.3 103c9.4-9.4 24.6-9.4 33.9 0l136 136c9.5 9.4 9.5 24.6.1 34z\"><\/path><\/svg><\/div><div id=\"elementor-tab-content-2345\" class=\"eael-accordion-content clearfix\" data-tab=\"5\" aria-labelledby=\"tef-preuve-complmentaire\"><ul><li><strong>Compr\u00e9hension orale :\u00a0<\/strong>40 min \u2013 40 questions<\/li><li><strong>Compr\u00e9hension \u00e9crite :<\/strong>\u00a060 min \u2013 40 questions<\/li><li><strong>Expression \u00e9crite :<\/strong>\u00a060 min \u2013 2 sujets \u00e0 traiter<\/li><li><strong>Expression orale :<\/strong>\u00a015 min \u2013 2 sujets \u00e0 traiter<\/li><\/ul><p><strong>Tarifs :<\/strong><br \/><strong>Tarif :<\/strong> 10.000 DZD<\/p><p><strong>TPE: possibilit\u00e9 de paiement par carte.\u00a0<\/strong><\/p><p><br \/><strong>NB\u00a0: Un compl\u00e9ment de <\/strong><strong>2000 DZD\u00a0de frais de dossier <\/strong><strong>en cas de payement par CCP.<\/strong><\/p><\/div>\n\t\t\t\t\t<\/div><\/div>\t\t\t\t<\/div>\n\t\t\t\t<\/div>\n\t\t\t\t<\/div>\n\t\t\t\t\t<\/div>\n\t\t\t\t<\/div>\n\t\t\t\t<\/div>\n\t\t","protected":false},"excerpt":{"rendered":"<p>TEF France \/ Canada TEF CANADA Attestez de votre niveau de fran\u00e7ais dans le cadre d\u2019une d\u00e9marche acad\u00e9mique ou professionnel au Canada. Quelles sont les \u00e9preuves du TEF Canada ? Compr\u00e9hension orale :\u00a040 min \u2013 40 questions Compr\u00e9hension \u00e9crite :\u00a060 min \u2013 40 questions Expression orale :\u00a015 min \u2013 2 sujets \u00e0 traiter Expression \u00e9crite [&hellip;]<\/p>\n","protected":false},"author":1,"featured_media":0,"parent":0,"menu_order":0,"comment_status":"closed","ping_status":"closed","template":"elementor_header_footer","meta":{"_joinchat":[],"footnotes":""},"class_list":["post-3482","page","type-page","status-publish","hentry"],"_links":{"self":[{"href":"https:\/\/pigier-algerie.com\/lang\/wp-json\/wp\/v2\/pages\/3482","targetHints":{"allow":["GET"]}}],"collection":[{"href":"https:\/\/pigier-algerie.com\/lang\/wp-json\/wp\/v2\/pages"}],"about":[{"href":"https:\/\/pigier-algerie.com\/lang\/wp-json\/wp\/v2\/types\/page"}],"author":[{"embeddable":true,"href":"https:\/\/pigier-algerie.com\/lang\/wp-json\/wp\/v2\/users\/1"}],"replies":[{"embeddable":true,"href":"https:\/\/pigier-algerie.com\/lang\/wp-json\/wp\/v2\/comments?post=3482"}],"version-history":[{"count":187,"href":"https:\/\/pigier-algerie.com\/lang\/wp-json\/wp\/v2\/pages\/3482\/revisions"}],"predecessor-version":[{"id":4255,"href":"https:\/\/pigier-algerie.com\/lang\/wp-json\/wp\/v2\/pages\/3482\/revisions\/4255"}],"wp:attachment":[{"href":"https:\/\/pigier-algerie.com\/lang\/wp-json\/wp\/v2\/media?parent=3482"}],"curies":[{"name":"wp","href":"https:\/\/api.w.org\/{rel}","templated":true}]}}