{"id":2978,"date":"2024-07-21T15:14:28","date_gmt":"2024-07-21T13:14:28","guid":{"rendered":"https:\/\/dev.alcomnet.com\/piger\/lang\/?page_id=2978"},"modified":"2026-03-24T22:44:17","modified_gmt":"2026-03-24T21:44:17","slug":"accueil","status":"publish","type":"page","link":"https:\/\/pigier-algerie.com\/lang\/","title":{"rendered":"Accueil"},"content":{"rendered":"\t\t<div data-elementor-type=\"wp-page\" data-elementor-id=\"2978\" class=\"elementor elementor-2978\">\n\t\t\t\t<div class=\"elementor-element elementor-element-6c8ad52 e-flex e-con-boxed elementor-invisible e-con e-parent\" data-id=\"6c8ad52\" data-element_type=\"container\" data-e-type=\"container\" data-settings=\"{&quot;shape_divider_bottom&quot;:&quot;waves&quot;,&quot;animation&quot;:&quot;fadeIn&quot;}\">\n\t\t\t\t\t<div class=\"e-con-inner\">\n\t\t\t\t<div class=\"elementor-shape elementor-shape-bottom\" aria-hidden=\"true\" data-negative=\"false\">\n\t\t\t<svg xmlns=\"http:\/\/www.w3.org\/2000\/svg\" viewBox=\"0 0 1000 100\" preserveAspectRatio=\"none\">\n\t<path class=\"elementor-shape-fill\" d=\"M421.9,6.5c22.6-2.5,51.5,0.4,75.5,5.3c23.6,4.9,70.9,23.5,100.5,35.7c75.8,32.2,133.7,44.5,192.6,49.7\n\tc23.6,2.1,48.7,3.5,103.4-2.5c54.7-6,106.2-25.6,106.2-25.6V0H0v30.3c0,0,72,32.6,158.4,30.5c39.2-0.7,92.8-6.7,134-22.4\n\tc21.2-8.1,52.2-18.2,79.7-24.2C399.3,7.9,411.6,7.5,421.9,6.5z\"\/>\n<\/svg>\t\t<\/div>\n\t\t\t\t<div class=\"elementor-element elementor-element-92f660f elementor-widget elementor-widget-shortcode\" data-id=\"92f660f\" data-element_type=\"widget\" data-e-type=\"widget\" data-widget_type=\"shortcode.default\">\n\t\t\t\t<div class=\"elementor-widget-container\">\n\t\t\t\t\t\t\t<div class=\"elementor-shortcode\"><\/div>\n\t\t\t\t\t\t<\/div>\n\t\t\t\t<\/div>\n\t\t\t\t\t<\/div>\n\t\t\t\t<\/div>\n\t\t<div class=\"elementor-element elementor-element-f974be8 e-flex e-con-boxed e-con e-parent\" data-id=\"f974be8\" data-element_type=\"container\" data-e-type=\"container\">\n\t\t\t\t\t<div class=\"e-con-inner\">\n\t\t<div class=\"elementor-element elementor-element-b58076e e-con-full e-flex e-con e-child\" data-id=\"b58076e\" data-element_type=\"container\" data-e-type=\"container\">\n\t\t<div class=\"elementor-element elementor-element-5269a12 e-con-full e-flex e-con e-child\" data-id=\"5269a12\" data-element_type=\"container\" data-e-type=\"container\">\n\t\t\t\t<div class=\"elementor-element elementor-element-c76f69b eael-infobox-content-align--left elementor-widget__width-inherit eael-infobox-shape-circle eael-infobox-hover-img-shape-square elementor-invisible elementor-widget elementor-widget-eael-info-box\" data-id=\"c76f69b\" data-element_type=\"widget\" data-e-type=\"widget\" id=\"test-pigier\" data-settings=\"{&quot;_animation&quot;:&quot;fadeInUp&quot;}\" data-widget_type=\"eael-info-box.default\">\n\t\t\t\t<div class=\"elementor-widget-container\">\n\t\t\t\t\t        <div class=\"eael-infobox icon-on-top\">\n\t            <div class=\"infobox-icon\">\n\n                            <img decoding=\"async\" src=\"https:\/\/pigier-algerie.com\/lang\/wp-content\/uploads\/2024\/07\/tfe.png\" alt=\"\">\n            \n            \n            \n        <\/div>\n            <div class=\"infobox-content\">\n                    <div class=\"infobox-title-section\">\n                <h2 class=\"title\">TEF CANADA<\/h2>            <\/div>\n            <div><p><strong>Attestez de votre niveau de fran\u00e7ais dans le cadre d\u2019une d\u00e9marche acad\u00e9mique ou professionnelle au Canada.<\/strong><\/p><\/div>        <div class=\"infobox-button\">\n            <a class=\"eael-infobox-button\" href=\"https:\/\/pigier-algerie.com\/lang\/tef-france-canada\/\">\n                                                <span class=\"infobox-button-text\">En savoir plus<\/span>\n                                                            <svg aria-hidden=\"true\" class=\"eael_infobox_button_icon_right e-font-icon-svg e-fas-arrow-right\" viewBox=\"0 0 448 512\" xmlns=\"http:\/\/www.w3.org\/2000\/svg\"><path d=\"M190.5 66.9l22.2-22.2c9.4-9.4 24.6-9.4 33.9 0L441 239c9.4 9.4 9.4 24.6 0 33.9L246.6 467.3c-9.4 9.4-24.6 9.4-33.9 0l-22.2-22.2c-9.5-9.5-9.3-25 .4-34.3L311.4 296H24c-13.3 0-24-10.7-24-24v-32c0-13.3 10.7-24 24-24h287.4L190.9 101.2c-9.8-9.3-10-24.8-.4-34.3z\"><\/path><\/svg>                                                <\/a>\n        <\/div>\n            <\/div>\n            <\/div>\n\n\t\t\t\t\t\t<\/div>\n\t\t\t\t<\/div>\n\t\t\t\t<div class=\"elementor-element elementor-element-0d6fff4 eael-infobox-content-align--left elementor-widget__width-inherit eael-infobox-shape-circle eael-infobox-hover-img-shape-square elementor-invisible elementor-widget elementor-widget-eael-info-box\" data-id=\"0d6fff4\" data-element_type=\"widget\" data-e-type=\"widget\" id=\"test-pigier\" data-settings=\"{&quot;_animation&quot;:&quot;fadeInUp&quot;,&quot;_animation_delay&quot;:400}\" data-widget_type=\"eael-info-box.default\">\n\t\t\t\t<div class=\"elementor-widget-container\">\n\t\t\t\t\t        <div class=\"eael-infobox icon-on-top\">\n\t            <div class=\"infobox-icon\">\n\n                            <img decoding=\"async\" src=\"https:\/\/pigier-algerie.com\/lang\/wp-content\/uploads\/2024\/07\/tfe.png\" alt=\"\">\n            \n            \n            \n        <\/div>\n            <div class=\"infobox-content\">\n                    <div class=\"infobox-title-section\">\n                <h2 class=\"title\">TEF POUR LA MOBILITE ETUDIANTE<\/h2>            <\/div>\n            <div><p><strong>Attestez de votre niveau de fran\u00e7ais dans le cadre d\u2019une d\u00e9marche acad\u00e9mique.<\/strong><\/p><\/div>        <div class=\"infobox-button\">\n            <a class=\"eael-infobox-button\" href=\"https:\/\/pigier-algerie.com\/lang\/tef-france-canada\/\">\n                                                <span class=\"infobox-button-text\">En savoir plus<\/span>\n                                                            <svg aria-hidden=\"true\" class=\"eael_infobox_button_icon_right e-font-icon-svg e-fas-arrow-right\" viewBox=\"0 0 448 512\" xmlns=\"http:\/\/www.w3.org\/2000\/svg\"><path d=\"M190.5 66.9l22.2-22.2c9.4-9.4 24.6-9.4 33.9 0L441 239c9.4 9.4 9.4 24.6 0 33.9L246.6 467.3c-9.4 9.4-24.6 9.4-33.9 0l-22.2-22.2c-9.5-9.5-9.3-25 .4-34.3L311.4 296H24c-13.3 0-24-10.7-24-24v-32c0-13.3 10.7-24 24-24h287.4L190.9 101.2c-9.8-9.3-10-24.8-.4-34.3z\"><\/path><\/svg>                                                <\/a>\n        <\/div>\n            <\/div>\n            <\/div>\n\n\t\t\t\t\t\t<\/div>\n\t\t\t\t<\/div>\n\t\t\t\t<\/div>\n\t\t<div class=\"elementor-element elementor-element-b682d6f e-con-full e-flex e-con e-child\" data-id=\"b682d6f\" data-element_type=\"container\" data-e-type=\"container\">\n\t\t\t\t<div class=\"elementor-element elementor-element-24257a1 eael-infobox-content-align--left elementor-widget__width-inherit eael-infobox-shape-circle eael-infobox-hover-img-shape-square elementor-invisible elementor-widget elementor-widget-eael-info-box\" data-id=\"24257a1\" data-element_type=\"widget\" data-e-type=\"widget\" id=\"test-pigier\" data-settings=\"{&quot;_animation&quot;:&quot;fadeInUp&quot;,&quot;_animation_delay&quot;:200}\" data-widget_type=\"eael-info-box.default\">\n\t\t\t\t<div class=\"elementor-widget-container\">\n\t\t\t\t\t        <div class=\"eael-infobox icon-on-top\">\n\t            <div class=\"infobox-icon\">\n\n                            <img decoding=\"async\" src=\"https:\/\/pigier-algerie.com\/lang\/wp-content\/uploads\/2024\/07\/tfe.png\" alt=\"\">\n            \n            \n            \n        <\/div>\n            <div class=\"infobox-content\">\n                    <div class=\"infobox-title-section\">\n                <h2 class=\"title\">TEF CONJOINT QUEBEC<\/h2>            <\/div>\n            <div><p><strong>Attestez de votre niveau de fran\u00e7ais dans le cadre d\u2019une d\u00e9marche acad\u00e9mique ou professionnelle au Qu\u00e9bec. <\/strong><\/p><\/div>        <div class=\"infobox-button\">\n            <a class=\"eael-infobox-button\" href=\"https:\/\/pigier-algerie.com\/lang\/tef-france-canada\/\">\n                                                <span class=\"infobox-button-text\">En savoir plus<\/span>\n                                                            <svg aria-hidden=\"true\" class=\"eael_infobox_button_icon_right e-font-icon-svg e-fas-arrow-right\" viewBox=\"0 0 448 512\" xmlns=\"http:\/\/www.w3.org\/2000\/svg\"><path d=\"M190.5 66.9l22.2-22.2c9.4-9.4 24.6-9.4 33.9 0L441 239c9.4 9.4 9.4 24.6 0 33.9L246.6 467.3c-9.4 9.4-24.6 9.4-33.9 0l-22.2-22.2c-9.5-9.5-9.3-25 .4-34.3L311.4 296H24c-13.3 0-24-10.7-24-24v-32c0-13.3 10.7-24 24-24h287.4L190.9 101.2c-9.8-9.3-10-24.8-.4-34.3z\"><\/path><\/svg>                                                <\/a>\n        <\/div>\n            <\/div>\n            <\/div>\n\n\t\t\t\t\t\t<\/div>\n\t\t\t\t<\/div>\n\t\t\t\t<div class=\"elementor-element elementor-element-6667884 eael-infobox-content-align--left elementor-widget__width-inherit eael-infobox-shape-circle eael-infobox-hover-img-shape-square elementor-invisible elementor-widget elementor-widget-eael-info-box\" data-id=\"6667884\" data-element_type=\"widget\" data-e-type=\"widget\" id=\"test-pigier\" data-settings=\"{&quot;_animation&quot;:&quot;fadeInUp&quot;,&quot;_animation_delay&quot;:600}\" data-widget_type=\"eael-info-box.default\">\n\t\t\t\t<div class=\"elementor-widget-container\">\n\t\t\t\t\t        <div class=\"eael-infobox icon-on-top\">\n\t            <div class=\"infobox-icon\">\n\n                            <img decoding=\"async\" src=\"https:\/\/pigier-algerie.com\/lang\/wp-content\/uploads\/2024\/07\/tfe.png\" alt=\"\">\n            \n            \n            \n        <\/div>\n            <div class=\"infobox-content\">\n                    <div class=\"infobox-title-section\">\n                <h2 class=\"title\">TEF IRN\u00a0: Int\u00e9gration \u2013 R\u00e9sidence \u2013 Nationalit\u00e9<\/h2>            <\/div>\n            <div><p><strong>Attestez de votre niveau de fran\u00e7ais dans le cadre<\/strong><strong>\u00a0<\/strong><strong>du parcours citoyen OFII<\/strong><strong>, de la\u00a0<\/strong><strong>carte de r\u00e9sident de longue dur\u00e9e\u00a0<\/strong><strong>ou d\u2019<\/strong><strong>une demande de\u00a0<\/strong><strong>la\u00a0<\/strong><strong>nationalit\u00e9 fran\u00e7aise<\/strong><strong>.<\/strong><\/p><\/div>        <div class=\"infobox-button\">\n            <a class=\"eael-infobox-button\" href=\"https:\/\/pigier-algerie.com\/lang\/tef-france-canada\/\">\n                                                <span class=\"infobox-button-text\">En savoir plus<\/span>\n                                                            <svg aria-hidden=\"true\" class=\"eael_infobox_button_icon_right e-font-icon-svg e-fas-arrow-right\" viewBox=\"0 0 448 512\" xmlns=\"http:\/\/www.w3.org\/2000\/svg\"><path d=\"M190.5 66.9l22.2-22.2c9.4-9.4 24.6-9.4 33.9 0L441 239c9.4 9.4 9.4 24.6 0 33.9L246.6 467.3c-9.4 9.4-24.6 9.4-33.9 0l-22.2-22.2c-9.5-9.5-9.3-25 .4-34.3L311.4 296H24c-13.3 0-24-10.7-24-24v-32c0-13.3 10.7-24 24-24h287.4L190.9 101.2c-9.8-9.3-10-24.8-.4-34.3z\"><\/path><\/svg>                                                <\/a>\n        <\/div>\n            <\/div>\n            <\/div>\n\n\t\t\t\t\t\t<\/div>\n\t\t\t\t<\/div>\n\t\t\t\t<\/div>\n\t\t\t\t<\/div>\n\t\t<div class=\"elementor-element elementor-element-545e8a3 e-con-full e-flex e-con e-child\" data-id=\"545e8a3\" data-element_type=\"container\" data-e-type=\"container\">\n\t\t\t\t<div class=\"elementor-element elementor-element-5df3105 elementor-invisible elementor-widget elementor-widget-heading\" data-id=\"5df3105\" data-element_type=\"widget\" data-e-type=\"widget\" data-settings=\"{&quot;_animation&quot;:&quot;fadeInUp&quot;}\" data-widget_type=\"heading.default\">\n\t\t\t\t<div class=\"elementor-widget-container\">\n\t\t\t\t\t<h2 class=\"elementor-heading-title elementor-size-default\">S'inscrire au TEF<\/h2>\t\t\t\t<\/div>\n\t\t\t\t<\/div>\n\t\t\t\t<div class=\"elementor-element elementor-element-d079242 elementor-widget elementor-widget-text-editor\" data-id=\"d079242\" data-element_type=\"widget\" data-e-type=\"widget\" data-widget_type=\"text-editor.default\">\n\t\t\t\t<div class=\"elementor-widget-container\">\n\t\t\t\t\t\t\t\t\t<p>Pour vous inscrire \u00e0 un examen TEF, nous vous invitons \u00e0 consulter notre plateforme ci-dessous.<br \/>Remplissez les cases en indiquant le lieu \u00ab Alg\u00e9rie \u00bb, en s\u00e9lectionnant le test souhait\u00e9 ainsi que la p\u00e9riode durant laquelle vous d\u00e9sirez passer votre examen.<\/p><p><strong>Contact<\/strong> :\u00a0<br \/><strong>Tel :<\/strong> 0982 30 14 88<br \/><strong>E-mail :<\/strong> \u00a0<a href=\"mailto:contact@pigier-algerie.com\">contact@pigier-algerie.com<\/a><\/p><p><strong>Paiement par carte TPE disponible.\u00a0<\/strong><\/p>\t\t\t\t\t\t\t\t<\/div>\n\t\t\t\t<\/div>\n\t\t\t\t<div class=\"elementor-element elementor-element-20435d7 elementor-widget elementor-widget-image\" data-id=\"20435d7\" data-element_type=\"widget\" data-e-type=\"widget\" data-widget_type=\"image.default\">\n\t\t\t\t<div class=\"elementor-widget-container\">\n\t\t\t\t\t\t\t\t\t\t\t\t\t\t\t\t<a href=\"https:\/\/francais.cci-paris-idf.fr\/candidat\" target=\"_blank\">\n\t\t\t\t\t\t\t<img fetchpriority=\"high\" decoding=\"async\" width=\"640\" height=\"419\" src=\"https:\/\/pigier-algerie.com\/lang\/wp-content\/uploads\/2024\/08\/Platforme.jpeg\" class=\"elementor-animation-float attachment-large size-large wp-image-4038\" alt=\"\" srcset=\"https:\/\/pigier-algerie.com\/lang\/wp-content\/uploads\/2024\/08\/Platforme.jpeg 902w, https:\/\/pigier-algerie.com\/lang\/wp-content\/uploads\/2024\/08\/Platforme-300x197.jpeg 300w, https:\/\/pigier-algerie.com\/lang\/wp-content\/uploads\/2024\/08\/Platforme-768x503.jpeg 768w\" sizes=\"(max-width: 640px) 100vw, 640px\" \/>\t\t\t\t\t\t\t\t<\/a>\n\t\t\t\t\t\t\t\t\t\t\t\t\t\t\t<\/div>\n\t\t\t\t<\/div>\n\t\t\t\t<div class=\"elementor-element elementor-element-aa04e67 elementor-invisible elementor-widget elementor-widget-button\" data-id=\"aa04e67\" data-element_type=\"widget\" data-e-type=\"widget\" data-settings=\"{&quot;_animation&quot;:&quot;fadeInUp&quot;}\" data-widget_type=\"button.default\">\n\t\t\t\t<div class=\"elementor-widget-container\">\n\t\t\t\t\t\t\t\t\t<div class=\"elementor-button-wrapper\">\n\t\t\t\t\t<a class=\"elementor-button elementor-button-link elementor-size-sm\" href=\"https:\/\/francais.cci-paris-idf.fr\/candidat\">\n\t\t\t\t\t\t<span class=\"elementor-button-content-wrapper\">\n\t\t\t\t\t\t\t\t\t<span class=\"elementor-button-text\">S'inscrire<\/span>\n\t\t\t\t\t<\/span>\n\t\t\t\t\t<\/a>\n\t\t\t\t<\/div>\n\t\t\t\t\t\t\t\t<\/div>\n\t\t\t\t<\/div>\n\t\t\t\t<\/div>\n\t\t\t\t\t<\/div>\n\t\t\t\t<\/div>\n\t\t<div class=\"elementor-element elementor-element-cb51166 elementor-hidden-desktop elementor-hidden-tablet elementor-hidden-mobile e-flex e-con-boxed e-con e-parent\" data-id=\"cb51166\" data-element_type=\"container\" data-e-type=\"container\" data-settings=\"{&quot;background_background&quot;:&quot;classic&quot;}\">\n\t\t\t\t\t<div class=\"e-con-inner\">\n\t\t\t\t<div class=\"elementor-element elementor-element-c835540 eael-infobox-icon-bg-shape-circle elementor-widget__width-inherit eael-infobox-content-align--center eael-infobox-icon-hover-bg-shape-none elementor-widget elementor-widget-eael-info-box\" data-id=\"c835540\" data-element_type=\"widget\" data-e-type=\"widget\" id=\"block-info\" data-widget_type=\"eael-info-box.default\">\n\t\t\t\t<div class=\"elementor-widget-container\">\n\t\t\t\t\t        <div class=\"eael-infobox icon-on-top\">\n\t            <div class=\"infobox-icon eael-icon-only\">\n\n            \n                            <div class=\"infobox-icon-wrap\">\n                    <svg aria-hidden=\"true\" class=\"e-font-icon-svg e-fas-burn\" viewBox=\"0 0 384 512\" xmlns=\"http:\/\/www.w3.org\/2000\/svg\"><path d=\"M192 0C79.7 101.3 0 220.9 0 300.5 0 425 79 512 192 512s192-87 192-211.5c0-79.9-80.2-199.6-192-300.5zm0 448c-56.5 0-96-39-96-94.8 0-13.5 4.6-61.5 96-161.2 91.4 99.7 96 147.7 96 161.2 0 55.8-39.5 94.8-96 94.8z\"><\/path><\/svg>                <\/div>\n            \n            \n        <\/div>\n            <div class=\"infobox-content eael-icon-only\">\n                    <div class=\"infobox-title-section\">\n                <h2 class=\"title\">120<\/h2>            <\/div>\n            <div><p>Ann\u00e9es d\u2019existence<\/p><\/div>        <\/div>\n            <\/div>\n\n\t\t\t\t\t\t<\/div>\n\t\t\t\t<\/div>\n\t\t\t\t<div class=\"elementor-element elementor-element-c149841 eael-infobox-icon-bg-shape-circle elementor-widget__width-inherit eael-infobox-content-align--center eael-infobox-icon-hover-bg-shape-none elementor-widget elementor-widget-eael-info-box\" data-id=\"c149841\" data-element_type=\"widget\" data-e-type=\"widget\" id=\"block-info\" data-widget_type=\"eael-info-box.default\">\n\t\t\t\t<div class=\"elementor-widget-container\">\n\t\t\t\t\t        <div class=\"eael-infobox icon-on-top\">\n\t            <div class=\"infobox-icon eael-icon-only\">\n\n            \n                            <div class=\"infobox-icon-wrap\">\n                    <svg aria-hidden=\"true\" class=\"e-font-icon-svg e-fas-star\" viewBox=\"0 0 576 512\" xmlns=\"http:\/\/www.w3.org\/2000\/svg\"><path d=\"M259.3 17.8L194 150.2 47.9 171.5c-26.2 3.8-36.7 36.1-17.7 54.6l105.7 103-25 145.5c-4.5 26.3 23.2 46 46.4 33.7L288 439.6l130.7 68.7c23.2 12.2 50.9-7.4 46.4-33.7l-25-145.5 105.7-103c19-18.5 8.5-50.8-17.7-54.6L382 150.2 316.7 17.8c-11.7-23.6-45.6-23.9-57.4 0z\"><\/path><\/svg>                <\/div>\n            \n            \n        <\/div>\n            <div class=\"infobox-content eael-icon-only\">\n                    <div class=\"infobox-title-section\">\n                <h2 class=\"title\">9.2 \/ 10<\/h2>            <\/div>\n            <div><p>Notre note p\u00e9dagogique<\/p><\/div>        <\/div>\n            <\/div>\n\n\t\t\t\t\t\t<\/div>\n\t\t\t\t<\/div>\n\t\t\t\t<div class=\"elementor-element elementor-element-a9193ae eael-infobox-icon-bg-shape-circle elementor-widget__width-inherit eael-infobox-content-align--center eael-infobox-icon-hover-bg-shape-none elementor-widget elementor-widget-eael-info-box\" data-id=\"a9193ae\" data-element_type=\"widget\" data-e-type=\"widget\" id=\"block-info\" data-widget_type=\"eael-info-box.default\">\n\t\t\t\t<div class=\"elementor-widget-container\">\n\t\t\t\t\t        <div class=\"eael-infobox icon-on-top\">\n\t            <div class=\"infobox-icon eael-icon-only\">\n\n            \n                            <div class=\"infobox-icon-wrap\">\n                    <svg aria-hidden=\"true\" class=\"e-font-icon-svg e-fas-tablet\" viewBox=\"0 0 448 512\" xmlns=\"http:\/\/www.w3.org\/2000\/svg\"><path d=\"M400 0H48C21.5 0 0 21.5 0 48v416c0 26.5 21.5 48 48 48h352c26.5 0 48-21.5 48-48V48c0-26.5-21.5-48-48-48zM224 480c-17.7 0-32-14.3-32-32s14.3-32 32-32 32 14.3 32 32-14.3 32-32 32z\"><\/path><\/svg>                <\/div>\n            \n            \n        <\/div>\n            <div class=\"infobox-content eael-icon-only\">\n                    <div class=\"infobox-title-section\">\n                <h2 class=\"title\">Depuis 2004<\/h2>            <\/div>\n            <div><p>Agr\u00e9\u00e9 par le minist\u00e8re<br \/>de la formation professionnelle<\/p><\/div>        <\/div>\n            <\/div>\n\n\t\t\t\t\t\t<\/div>\n\t\t\t\t<\/div>\n\t\t\t\t\t<\/div>\n\t\t\t\t<\/div>\n\t\t<div class=\"elementor-element elementor-element-d177f20 elementor-hidden-desktop elementor-hidden-tablet elementor-hidden-mobile e-flex e-con-boxed e-con e-parent\" data-id=\"d177f20\" data-element_type=\"container\" data-e-type=\"container\">\n\t\t\t\t\t<div class=\"e-con-inner\">\n\t\t<div class=\"elementor-element elementor-element-e2f6008 e-con-full e-flex e-con e-child\" data-id=\"e2f6008\" data-element_type=\"container\" data-e-type=\"container\">\n\t\t\t\t<div class=\"elementor-element elementor-element-4ccb3f2 elementor-widget__width-initial right-img elementor-invisible elementor-widget elementor-widget-image\" data-id=\"4ccb3f2\" data-element_type=\"widget\" data-e-type=\"widget\" data-settings=\"{&quot;_animation&quot;:&quot;fadeIn&quot;}\" data-widget_type=\"image.default\">\n\t\t\t\t<div class=\"elementor-widget-container\">\n\t\t\t\t\t\t\t\t\t\t\t\t\t\t\t<img decoding=\"async\" width=\"640\" height=\"427\" src=\"https:\/\/pigier-algerie.com\/lang\/wp-content\/uploads\/2024\/07\/groupe-pigier-algerie-1024x683.jpg\" class=\"attachment-large size-large wp-image-3066\" alt=\"\" srcset=\"https:\/\/pigier-algerie.com\/lang\/wp-content\/uploads\/2024\/07\/groupe-pigier-algerie-1024x683.jpg 1024w, https:\/\/pigier-algerie.com\/lang\/wp-content\/uploads\/2024\/07\/groupe-pigier-algerie-300x200.jpg 300w, https:\/\/pigier-algerie.com\/lang\/wp-content\/uploads\/2024\/07\/groupe-pigier-algerie-768x512.jpg 768w, https:\/\/pigier-algerie.com\/lang\/wp-content\/uploads\/2024\/07\/groupe-pigier-algerie-1536x1024.jpg 1536w, https:\/\/pigier-algerie.com\/lang\/wp-content\/uploads\/2024\/07\/groupe-pigier-algerie.jpg 1600w\" sizes=\"(max-width: 640px) 100vw, 640px\" \/>\t\t\t\t\t\t\t\t\t\t\t\t\t\t\t<\/div>\n\t\t\t\t<\/div>\n\t\t\t\t<\/div>\n\t\t<div class=\"elementor-element elementor-element-cd1245f e-con-full e-flex e-con e-child\" data-id=\"cd1245f\" data-element_type=\"container\" data-e-type=\"container\">\n\t\t\t\t<div class=\"elementor-element elementor-element-dea271b elementor-invisible elementor-widget elementor-widget-heading\" data-id=\"dea271b\" data-element_type=\"widget\" data-e-type=\"widget\" data-settings=\"{&quot;_animation&quot;:&quot;fadeInUp&quot;}\" data-widget_type=\"heading.default\">\n\t\t\t\t<div class=\"elementor-widget-container\">\n\t\t\t\t\t<h2 class=\"elementor-heading-title elementor-size-default\">Le Groupe Pigier Alg\u00e9rie\nvous accompagne sur tout\nle territoire national<\/h2>\t\t\t\t<\/div>\n\t\t\t\t<\/div>\n\t\t\t\t<div class=\"elementor-element elementor-element-e3a12c2 elementor-invisible elementor-widget elementor-widget-text-editor\" data-id=\"e3a12c2\" data-element_type=\"widget\" data-e-type=\"widget\" data-settings=\"{&quot;_animation&quot;:&quot;fadeIn&quot;}\" data-widget_type=\"text-editor.default\">\n\t\t\t\t<div class=\"elementor-widget-container\">\n\t\t\t\t\t\t\t\t\tUne offre riche, s\u00e9lective et adapt\u00e9e et des formateurs aux m\u00e9thodes soucieuses d\u2019am\u00e9liorer\nvos services en capitalisant les savoirs internes\net en valorisant les comp\u00e9tences de vos \u00e9quipes\t\t\t\t\t\t\t\t<\/div>\n\t\t\t\t<\/div>\n\t\t\t\t<div class=\"elementor-element elementor-element-613ae5d elementor-invisible elementor-widget elementor-widget-button\" data-id=\"613ae5d\" data-element_type=\"widget\" data-e-type=\"widget\" data-settings=\"{&quot;_animation&quot;:&quot;fadeInUp&quot;}\" data-widget_type=\"button.default\">\n\t\t\t\t<div class=\"elementor-widget-container\">\n\t\t\t\t\t\t\t\t\t<div class=\"elementor-button-wrapper\">\n\t\t\t\t\t<a class=\"elementor-button elementor-button-link elementor-size-sm\" href=\"#\">\n\t\t\t\t\t\t<span class=\"elementor-button-content-wrapper\">\n\t\t\t\t\t\t\t\t\t<span class=\"elementor-button-text\">En savoir plus<\/span>\n\t\t\t\t\t<\/span>\n\t\t\t\t\t<\/a>\n\t\t\t\t<\/div>\n\t\t\t\t\t\t\t\t<\/div>\n\t\t\t\t<\/div>\n\t\t\t\t<\/div>\n\t\t\t\t\t<\/div>\n\t\t\t\t<\/div>\n\t\t<div class=\"elementor-element elementor-element-fa19641 e-flex e-con-boxed e-con e-parent\" data-id=\"fa19641\" data-element_type=\"container\" data-e-type=\"container\">\n\t\t\t\t\t<div class=\"e-con-inner\">\n\t\t\t\t\t<\/div>\n\t\t\t\t<\/div>\n\t\t\t\t<\/div>\n\t\t","protected":false},"excerpt":{"rendered":"<p>TEF CANADA Attestez de votre niveau de fran\u00e7ais dans le cadre d\u2019une d\u00e9marche acad\u00e9mique ou professionnelle au Canada. En savoir plus TEF POUR LA MOBILITE ETUDIANTE Attestez de votre niveau de fran\u00e7ais dans le cadre d\u2019une d\u00e9marche acad\u00e9mique. En savoir plus TEF CONJOINT QUEBEC Attestez de votre niveau de fran\u00e7ais dans le cadre d\u2019une d\u00e9marche [&hellip;]<\/p>\n","protected":false},"author":1,"featured_media":0,"parent":0,"menu_order":0,"comment_status":"closed","ping_status":"closed","template":"","meta":{"_joinchat":[],"footnotes":""},"class_list":["post-2978","page","type-page","status-publish","hentry"],"_links":{"self":[{"href":"https:\/\/pigier-algerie.com\/lang\/wp-json\/wp\/v2\/pages\/2978","targetHints":{"allow":["GET"]}}],"collection":[{"href":"https:\/\/pigier-algerie.com\/lang\/wp-json\/wp\/v2\/pages"}],"about":[{"href":"https:\/\/pigier-algerie.com\/lang\/wp-json\/wp\/v2\/types\/page"}],"author":[{"embeddable":true,"href":"https:\/\/pigier-algerie.com\/lang\/wp-json\/wp\/v2\/users\/1"}],"replies":[{"embeddable":true,"href":"https:\/\/pigier-algerie.com\/lang\/wp-json\/wp\/v2\/comments?post=2978"}],"version-history":[{"count":283,"href":"https:\/\/pigier-algerie.com\/lang\/wp-json\/wp\/v2\/pages\/2978\/revisions"}],"predecessor-version":[{"id":4276,"href":"https:\/\/pigier-algerie.com\/lang\/wp-json\/wp\/v2\/pages\/2978\/revisions\/4276"}],"wp:attachment":[{"href":"https:\/\/pigier-algerie.com\/lang\/wp-json\/wp\/v2\/media?parent=2978"}],"curies":[{"name":"wp","href":"https:\/\/api.w.org\/{rel}","templated":true}]}}