{"id":2921,"date":"2024-05-29T16:10:16","date_gmt":"2024-05-29T14:10:16","guid":{"rendered":"https:\/\/dev.alcomnet.com\/piger\/?page_id=2921"},"modified":"2026-04-06T11:35:38","modified_gmt":"2026-04-06T09:35:38","slug":"mentions-legales","status":"publish","type":"page","link":"https:\/\/pigier-algerie.com\/educalgpro\/mentions-legales\/","title":{"rendered":"Mentions L\u00e9gales"},"content":{"rendered":"\t\t<div data-elementor-type=\"wp-page\" data-elementor-id=\"2921\" class=\"elementor elementor-2921\">\n\t\t\t\t<div class=\"elementor-element elementor-element-2ef5fe39 e-flex e-con-boxed e-con e-parent\" data-id=\"2ef5fe39\" data-element_type=\"container\" data-e-type=\"container\" data-settings=\"{&quot;background_background&quot;:&quot;classic&quot;}\">\n\t\t\t\t\t<div class=\"e-con-inner\">\n\t\t\t\t<div class=\"elementor-element elementor-element-5fffe800 elementor-widget elementor-widget-page-title\" data-id=\"5fffe800\" data-element_type=\"widget\" data-e-type=\"widget\" data-settings=\"{&quot;align&quot;:&quot;left&quot;,&quot;align_mobile&quot;:&quot;center&quot;}\" data-widget_type=\"page-title.default\">\n\t\t\t\t<div class=\"elementor-widget-container\">\n\t\t\t\t\t\t\t\n\t\t<div class=\"hfe-page-title hfe-page-title-wrapper elementor-widget-heading\">\n\n\t\t\t\t\t\t\t\t\t\t\t<a href=\"https:\/\/pigier-algerie.com\/educalgpro\">\n\t\t\t\t\t\t<h1 class=\"elementor-heading-title elementor-size-default\">\n\t\t\t\t\t\t\t\t\n\t\t\t\tMentions L\u00e9gales  \n\t\t\t<\/h1 > \n\t\t\t\t\t\t\t\t\t<\/a>\n\t\t\t\t\t<\/div>\n\t\t\t\t\t\t<\/div>\n\t\t\t\t<\/div>\n\t\t\t\t<div class=\"elementor-element elementor-element-6bf8b14c elementor-widget elementor-widget-shortcode\" data-id=\"6bf8b14c\" data-element_type=\"widget\" data-e-type=\"widget\" id=\"chemain\" data-widget_type=\"shortcode.default\">\n\t\t\t\t<div class=\"elementor-widget-container\">\n\t\t\t\t\t\t\t<div class=\"elementor-shortcode\"><nav aria-label=\"breadcrumbs\">\n            <div class=\"breadcrumb-container theme2\">\n                <ol>\n                                    <\/ol>\n            <\/div>\n        <\/nav>    <script type=\"application\/ld+json\">\n        {\n            \"@context\": \"http:\/\/schema.org\",\n            \"@type\": \"BreadcrumbList\",\n            \"itemListElement\": [\n                            ]\n        }\n    <\/script>\n   \n    <script>\n            <\/script>\n<\/div>\n\t\t\t\t\t\t<\/div>\n\t\t\t\t<\/div>\n\t\t\t\t\t<\/div>\n\t\t\t\t<\/div>\n\t\t<div class=\"elementor-element elementor-element-a16ac81 e-flex e-con-boxed e-con e-parent\" data-id=\"a16ac81\" data-element_type=\"container\" data-e-type=\"container\">\n\t\t\t\t\t<div class=\"e-con-inner\">\n\t\t\t\t<div class=\"elementor-element elementor-element-c0855ba elementor-widget elementor-widget-text-editor\" data-id=\"c0855ba\" data-element_type=\"widget\" data-e-type=\"widget\" id=\"content-mentions\" data-widget_type=\"text-editor.default\">\n\t\t\t\t<div class=\"elementor-widget-container\">\n\t\t\t\t\t\t\t\t\t<p><strong>Mentions L\u00e9gales<\/strong><\/p><p><strong>EducalgPro<\/strong>, a mis en place un site web \u00a0<a href=\"http:\/\/www.pigier-algerie.com\">www.pigier-algerie.com<\/a> afin de permettre aux utilisateurs de s\u2019informer sur les formations et cours propos\u00e9s par l\u2019entreprise. Le site est fragment\u00e9 en deux sous-sites : <strong>EducalgPro<\/strong> et <strong>Pigier Alg\u00e9rie<\/strong>.<\/p><p><strong>Conditions G\u00e9n\u00e9rales d\u2019Utilisation<\/strong><\/p><p>Les informations publi\u00e9es sur les sites <a href=\"http:\/\/www.educalgpro.dz\"><strong>www.educalgpro.dz<\/strong><\/a> et \u00a0<a href=\"http:\/\/www.pigier-algerie.com\"><strong>www.pigier-algerie.com<\/strong><\/a> sont publiques, mais elles ne peuvent \u00eatre utilis\u00e9es \u00e0 des fins publicitaires ou commerciales.<\/p><p>EducalgPro se r\u00e9serve le droit de modifier totalement ou partiellement les informations publi\u00e9es sur ces sites et ce sans pr\u00e9avis.<\/p><p>EducalgPro se r\u00e9serve le droit de suspendre, interrompre ou limiter sans avis pr\u00e9alable, l\u2019acc\u00e8s \u00e0 tout ou une partie des sites.<\/p><p>L\u2019ensemble des informations publi\u00e9es sur les sites n\u2019engage pas juridiquement EducalgPro.<\/p><p><strong>Contenu<\/strong><\/p><p>EducalgPro apporte beaucoup d\u2019attention \u00e0 l\u2019exactitude des informations contenues sur ses sites web. Si n\u00e9anmoins vous trouviez une information incorrecte ou erron\u00e9e dans l\u2019une de nos pages, nous vous remercions de nous en avertir.<\/p><p><strong>Liens vers d\u2019autres sites<\/strong><\/p><p>EducalgPro autorise la mise en place d\u2019un lien hypertexte pointant vers son contenu, sous r\u00e9serve de :<\/p><ul><li>Ne pas utiliser la technique du lien profond (\u00ab deeplinking \u00bb), c\u2019est-\u00e0-dire que les pages des sites <a href=\"http:\/\/www.educalgpro.dz\"><strong>www.educalgpro.dz<\/strong><\/a> et <a href=\"http:\/\/www.pigier-algerie.com\"><strong>www.pigier-algerie.com<\/strong><\/a> ne doivent pas \u00eatre imbriqu\u00e9es \u00e0 l\u2019int\u00e9rieur des pages d\u2019un autre site, mais accessibles par l\u2019ouverture d\u2019une fen\u00eatre.<\/li><li>Mentionner la source qui pointera gr\u00e2ce \u00e0 un lien hypertexte directement sur le contenu vis\u00e9.<\/li><\/ul><p>Cette autorisation ne s\u2019applique pas aux sites internet diffusant des informations pouvant porter atteinte \u00e0 la sensibilit\u00e9 du plus grand nombre.<\/p><p>Pour d\u2019autres utilisations, veuillez nous consulter.<\/p><p><strong>Donn\u00e9es Personnelles<\/strong><\/p><p>Les donn\u00e9es personnelles communiqu\u00e9es par l\u2019utilisateur sont n\u00e9cessaires \u00e0 l\u2019ex\u00e9cution des services d\u2019information et de renseignement qui lui sont propos\u00e9s par le EducalgPro.<\/p><p>Conform\u00e9ment aux dispositions de la loi Informatique et Libert\u00e9s du 6 janvier 1978 et \u00e0 la Loi n\u00b0 18-07 du 10 juin 2018 relative \u00e0 la protection des personnes physiques dans le traitement des donn\u00e9es \u00e0 caract\u00e8re personnel en Alg\u00e9rie, l\u2019Utilisateur dispose d\u2019un droit d\u2019acc\u00e8s, de modification, rectification et suppression sur toutes les donn\u00e9es \u00e0 caract\u00e8re nominatif le concernant.<\/p><p>Pour exercer ce droit, l\u2019Utilisateur peut contacter EducalgPro par email \u00e0 <a href=\"mailto:contact@pigier-algerie.com\">contact@pigier-algerie.com<\/a> , en justifiant son nom, pr\u00e9nom, et t\u00e9l\u00e9phone.<\/p><p>EducalgPro prend l\u2019ensemble des mesures ad\u00e9quates afin d\u2019assurer la s\u00e9curit\u00e9 et la confidentialit\u00e9 des donn\u00e9es \u00e0 caract\u00e8re personnel trait\u00e9es.<\/p><p>L\u2019Utilisateur est inform\u00e9 que ses donn\u00e9es ne sont pas communiqu\u00e9es par EducalgPro \u00e0 des tiers et ne sont pas utilis\u00e9es \u00e0 des fins de prospection commerciale.<\/p><p>De plus, l\u2019Utilisateur est inform\u00e9 que ses donn\u00e9es sont h\u00e9berg\u00e9es en Alg\u00e9rie.<\/p><p><strong>Cookies<\/strong><\/p><p>Le site <a href=\"http:\/\/www.pigier-algerie.com\">www.pigier-algerie.com<\/a> peut-\u00eatre amen\u00e9 \u00e0 vous demander l\u2019acceptation des cookies pour des besoins de statistiques et d\u2019affichage. Un cookie est une information d\u00e9pos\u00e9e sur votre disque dur par le serveur du site que vous visitez. Il contient plusieurs donn\u00e9es qui sont stock\u00e9es sur votre ordinateur dans un simple fichier texte auquel un serveur acc\u00e8de pour lire et enregistrer des informations.<\/p><p>Ces cookies enregistrent des informations relatives \u00e0 la navigation sur le Site et stockent des informations saisies durant la visite, de mani\u00e8re \u00e0 ce qu\u2019il n\u2019y ait plus besoin de les saisir lors des prochaines visites. La dur\u00e9e de conservation de ces informations dans le terminal de l\u2019Utilisateur est de treize (13) mois. Il est possible de s\u2019opposer \u00e0 l\u2019enregistrement de tels cookies en configurant le navigateur.<\/p><p><strong>Liens hypertextes<\/strong><\/p><p>Le site <a href=\"http:\/\/www.pigier-algerie.com\">www.pigier-algerie.com<\/a> peut contenir des liens hypertextes vers d\u2019autres sites. Cependant, <strong>EducalgPro<\/strong> n\u2019a pas la possibilit\u00e9 de v\u00e9rifier le contenu des sites ainsi visit\u00e9s, et n\u2019assumera en cons\u00e9quence aucune responsabilit\u00e9 de ce fait.<\/p><p><strong>Droit applicable et attribution de juridiction<\/strong><\/p><p>Tout litige en relation avec l\u2019utilisation du site <a href=\"http:\/\/www.pigier-algerie.com\">www.pigier-algerie.com<\/a> est soumis au droit alg\u00e9rien. Il est fait attribution exclusive de juridiction aux tribunaux comp\u00e9tents d\u2019Alger.<\/p>\t\t\t\t\t\t\t\t<\/div>\n\t\t\t\t<\/div>\n\t\t\t\t\t<\/div>\n\t\t\t\t<\/div>\n\t\t\t\t<\/div>\n\t\t","protected":false},"excerpt":{"rendered":"<p>Mentions L\u00e9gales Mentions L\u00e9gales EducalgPro, a mis en place un site web \u00a0www.pigier-algerie.com afin de permettre aux utilisateurs de s\u2019informer sur les formations et cours propos\u00e9s par l\u2019entreprise. Le site est fragment\u00e9 en deux sous-sites : EducalgPro et Pigier Alg\u00e9rie. Conditions G\u00e9n\u00e9rales d\u2019Utilisation Les informations publi\u00e9es sur les sites www.educalgpro.dz et \u00a0www.pigier-algerie.com sont publiques, mais [&hellip;]<\/p>\n","protected":false},"author":1,"featured_media":0,"parent":0,"menu_order":0,"comment_status":"closed","ping_status":"closed","template":"elementor_header_footer","meta":{"footnotes":""},"class_list":["post-2921","page","type-page","status-publish","hentry"],"_links":{"self":[{"href":"https:\/\/pigier-algerie.com\/educalgpro\/wp-json\/wp\/v2\/pages\/2921","targetHints":{"allow":["GET"]}}],"collection":[{"href":"https:\/\/pigier-algerie.com\/educalgpro\/wp-json\/wp\/v2\/pages"}],"about":[{"href":"https:\/\/pigier-algerie.com\/educalgpro\/wp-json\/wp\/v2\/types\/page"}],"author":[{"embeddable":true,"href":"https:\/\/pigier-algerie.com\/educalgpro\/wp-json\/wp\/v2\/users\/1"}],"replies":[{"embeddable":true,"href":"https:\/\/pigier-algerie.com\/educalgpro\/wp-json\/wp\/v2\/comments?post=2921"}],"version-history":[{"count":20,"href":"https:\/\/pigier-algerie.com\/educalgpro\/wp-json\/wp\/v2\/pages\/2921\/revisions"}],"predecessor-version":[{"id":3547,"href":"https:\/\/pigier-algerie.com\/educalgpro\/wp-json\/wp\/v2\/pages\/2921\/revisions\/3547"}],"wp:attachment":[{"href":"https:\/\/pigier-algerie.com\/educalgpro\/wp-json\/wp\/v2\/media?parent=2921"}],"curies":[{"name":"wp","href":"https:\/\/api.w.org\/{rel}","templated":true}]}}