{"id":2439,"date":"2024-05-27T17:26:04","date_gmt":"2024-05-27T15:26:04","guid":{"rendered":"https:\/\/dev.alcomnet.com\/piger\/?page_id=2439"},"modified":"2024-06-04T10:24:09","modified_gmt":"2024-06-04T08:24:09","slug":"nos-engagements","status":"publish","type":"page","link":"https:\/\/pigier-algerie.com\/educalgpro\/nos-engagements\/","title":{"rendered":"Nos engagements"},"content":{"rendered":"\t\t<div data-elementor-type=\"wp-page\" data-elementor-id=\"2439\" class=\"elementor elementor-2439\">\n\t\t\t\t<div class=\"elementor-element elementor-element-2ef5fe39 e-flex e-con-boxed e-con e-parent\" data-id=\"2ef5fe39\" data-element_type=\"container\" data-e-type=\"container\" data-settings=\"{&quot;background_background&quot;:&quot;classic&quot;}\">\n\t\t\t\t\t<div class=\"e-con-inner\">\n\t\t\t\t<div class=\"elementor-element elementor-element-5fffe800 elementor-widget elementor-widget-page-title\" data-id=\"5fffe800\" data-element_type=\"widget\" data-e-type=\"widget\" data-settings=\"{&quot;align&quot;:&quot;left&quot;,&quot;align_mobile&quot;:&quot;center&quot;}\" data-widget_type=\"page-title.default\">\n\t\t\t\t<div class=\"elementor-widget-container\">\n\t\t\t\t\t\t\t\n\t\t<div class=\"hfe-page-title hfe-page-title-wrapper elementor-widget-heading\">\n\n\t\t\t\t\t\t\t\t\t\t\t<a href=\"https:\/\/pigier-algerie.com\/educalgpro\">\n\t\t\t\t\t\t<h1 class=\"elementor-heading-title elementor-size-default\">\n\t\t\t\t\t\t\t\t\n\t\t\t\tNos engagements  \n\t\t\t<\/h1 > \n\t\t\t\t\t\t\t\t\t<\/a>\n\t\t\t\t\t<\/div>\n\t\t\t\t\t\t<\/div>\n\t\t\t\t<\/div>\n\t\t\t\t<div class=\"elementor-element elementor-element-6bf8b14c elementor-widget elementor-widget-shortcode\" data-id=\"6bf8b14c\" data-element_type=\"widget\" data-e-type=\"widget\" id=\"chemain\" data-widget_type=\"shortcode.default\">\n\t\t\t\t<div class=\"elementor-widget-container\">\n\t\t\t\t\t\t\t<div class=\"elementor-shortcode\"><nav aria-label=\"breadcrumbs\">\n            <div class=\"breadcrumb-container theme2\">\n                <ol>\n                                    <\/ol>\n            <\/div>\n        <\/nav>    <script type=\"application\/ld+json\">\n        {\n            \"@context\": \"http:\/\/schema.org\",\n            \"@type\": \"BreadcrumbList\",\n            \"itemListElement\": [\n                            ]\n        }\n    <\/script>\n   \n    <script>\n            <\/script>\n<\/div>\n\t\t\t\t\t\t<\/div>\n\t\t\t\t<\/div>\n\t\t\t\t\t<\/div>\n\t\t\t\t<\/div>\n\t\t<div class=\"elementor-element elementor-element-cb0570a e-flex e-con-boxed e-con e-child\" data-id=\"cb0570a\" data-element_type=\"container\" data-e-type=\"container\">\n\t\t\t\t\t<div class=\"e-con-inner\">\n\t\t\t\t<div class=\"elementor-element elementor-element-d8789c7 elementor-widget__width-initial elementor-widget-mobile__width-inherit eael-infobox-content-align--center eael-infobox-shape-square eael-infobox-hover-img-shape-square elementor-invisible elementor-widget elementor-widget-eael-info-box\" data-id=\"d8789c7\" data-element_type=\"widget\" data-e-type=\"widget\" data-settings=\"{&quot;_animation&quot;:&quot;fadeInUp&quot;}\" data-widget_type=\"eael-info-box.default\">\n\t\t\t\t<div class=\"elementor-widget-container\">\n\t\t\t\t\t        <div class=\"eael-infobox icon-on-top\">\n\t            <div class=\"infobox-icon elementor-animation-float\">\n\n                            <img decoding=\"async\" src=\"https:\/\/pigier-algerie.com\/educalgpro\/wp-content\/uploads\/2024\/06\/Excellence-1.png\" alt=\"\">\n            \n            \n            \n        <\/div>\n            <div class=\"infobox-content\">\n                    <div class=\"infobox-title-section\">\n                <h3 class=\"title\">Excellence<\/h3>            <\/div>\n            <div><p>Nous visons l&rsquo;excellence dans tout ce que nous faisons, offrant une \u00e9ducation et des services de formation de qualit\u00e9.<\/p><\/div>        <\/div>\n            <\/div>\n\n\t\t\t\t\t\t<\/div>\n\t\t\t\t<\/div>\n\t\t\t\t<div class=\"elementor-element elementor-element-84d54b2 elementor-widget__width-initial elementor-widget-mobile__width-inherit eael-infobox-content-align--center eael-infobox-shape-square eael-infobox-hover-img-shape-square elementor-invisible elementor-widget elementor-widget-eael-info-box\" data-id=\"84d54b2\" data-element_type=\"widget\" data-e-type=\"widget\" data-settings=\"{&quot;_animation&quot;:&quot;fadeInUp&quot;,&quot;_animation_delay&quot;:150}\" data-widget_type=\"eael-info-box.default\">\n\t\t\t\t<div class=\"elementor-widget-container\">\n\t\t\t\t\t        <div class=\"eael-infobox icon-on-top\">\n\t            <div class=\"infobox-icon elementor-animation-float\">\n\n                            <img decoding=\"async\" src=\"https:\/\/pigier-algerie.com\/educalgpro\/wp-content\/uploads\/2024\/06\/Integrite-1.png\" alt=\"\">\n            \n            \n            \n        <\/div>\n            <div class=\"infobox-content\">\n                    <div class=\"infobox-title-section\">\n                <h3 class=\"title\">Int\u00e9grit\u00e9<\/h3>            <\/div>\n            <div><p>Nous agissons avec honn\u00eatet\u00e9, transparence et respect dans toutes nos interactions, en nous engageant \u00e0 maintenir les normes les plus \u00e9lev\u00e9es d&rsquo;\u00e9thique et de professionnalisme.<\/p><\/div>        <\/div>\n            <\/div>\n\n\t\t\t\t\t\t<\/div>\n\t\t\t\t<\/div>\n\t\t\t\t<div class=\"elementor-element elementor-element-a42343f elementor-widget__width-initial elementor-widget-mobile__width-inherit eael-infobox-content-align--center eael-infobox-shape-square eael-infobox-hover-img-shape-square elementor-invisible elementor-widget elementor-widget-eael-info-box\" data-id=\"a42343f\" data-element_type=\"widget\" data-e-type=\"widget\" data-settings=\"{&quot;_animation&quot;:&quot;fadeInUp&quot;,&quot;_animation_delay&quot;:250}\" data-widget_type=\"eael-info-box.default\">\n\t\t\t\t<div class=\"elementor-widget-container\">\n\t\t\t\t\t        <div class=\"eael-infobox icon-on-top\">\n\t            <div class=\"infobox-icon elementor-animation-float\">\n\n                            <img decoding=\"async\" src=\"https:\/\/pigier-algerie.com\/educalgpro\/wp-content\/uploads\/2024\/06\/Innovation-2.png\" alt=\"\">\n            \n            \n            \n        <\/div>\n            <div class=\"infobox-content\">\n                    <div class=\"infobox-title-section\">\n                <h3 class=\"title\">Innovation<\/h3>            <\/div>\n            <div><p>Nous sommes des innovateurs passionn\u00e9s, constamment \u00e0 la recherche de nouvelles id\u00e9es et de meilleures fa\u00e7ons de r\u00e9pondre aux besoins de nos \u00e9tudiants et clients.<\/p><\/div>        <\/div>\n            <\/div>\n\n\t\t\t\t\t\t<\/div>\n\t\t\t\t<\/div>\n\t\t\t\t\t<\/div>\n\t\t\t\t<\/div>\n\t\t\t\t<\/div>\n\t\t","protected":false},"excerpt":{"rendered":"<p>Nos engagements Excellence Nous visons l&rsquo;excellence dans tout ce que nous faisons, offrant une \u00e9ducation et des services de formation de qualit\u00e9. Int\u00e9grit\u00e9 Nous agissons avec honn\u00eatet\u00e9, transparence et respect dans toutes nos interactions, en nous engageant \u00e0 maintenir les normes les plus \u00e9lev\u00e9es d&rsquo;\u00e9thique et de professionnalisme. Innovation Nous sommes des innovateurs passionn\u00e9s, constamment [&hellip;]<\/p>\n","protected":false},"author":1,"featured_media":0,"parent":0,"menu_order":0,"comment_status":"closed","ping_status":"closed","template":"elementor_header_footer","meta":{"footnotes":""},"class_list":["post-2439","page","type-page","status-publish","hentry"],"_links":{"self":[{"href":"https:\/\/pigier-algerie.com\/educalgpro\/wp-json\/wp\/v2\/pages\/2439","targetHints":{"allow":["GET"]}}],"collection":[{"href":"https:\/\/pigier-algerie.com\/educalgpro\/wp-json\/wp\/v2\/pages"}],"about":[{"href":"https:\/\/pigier-algerie.com\/educalgpro\/wp-json\/wp\/v2\/types\/page"}],"author":[{"embeddable":true,"href":"https:\/\/pigier-algerie.com\/educalgpro\/wp-json\/wp\/v2\/users\/1"}],"replies":[{"embeddable":true,"href":"https:\/\/pigier-algerie.com\/educalgpro\/wp-json\/wp\/v2\/comments?post=2439"}],"version-history":[{"count":10,"href":"https:\/\/pigier-algerie.com\/educalgpro\/wp-json\/wp\/v2\/pages\/2439\/revisions"}],"predecessor-version":[{"id":3213,"href":"https:\/\/pigier-algerie.com\/educalgpro\/wp-json\/wp\/v2\/pages\/2439\/revisions\/3213"}],"wp:attachment":[{"href":"https:\/\/pigier-algerie.com\/educalgpro\/wp-json\/wp\/v2\/media?parent=2439"}],"curies":[{"name":"wp","href":"https:\/\/api.w.org\/{rel}","templated":true}]}}